{"id":3478,"date":"2024-02-20T13:45:32","date_gmt":"2024-02-20T12:45:32","guid":{"rendered":"https:\/\/pmp.hr\/?page_id=3478"},"modified":"2024-02-20T13:46:50","modified_gmt":"2024-02-20T12:46:50","slug":"uvjeti-koristenja-web-stranice","status":"publish","type":"page","link":"https:\/\/pmp.hr\/de\/uvjeti-koristenja-web-stranice\/","title":{"rendered":"Uvjeti kori\u0161tenja web stranice"},"content":{"rendered":"<div data-elementor-type=\"wp-page\" data-elementor-id=\"3478\" class=\"elementor elementor-3478\">\n\t\t\t\t\t\t\t\t\t<section class=\"elementor-section elementor-top-section elementor-element elementor-element-5705065 elementor-section-boxed elementor-section-height-default elementor-section-height-default\" data-id=\"5705065\" data-element_type=\"section\">\n\t\t\t\t\t\t<div class=\"elementor-container elementor-column-gap-default\">\n\t\t\t\t\t<div class=\"elementor-column elementor-col-100 elementor-top-column elementor-element elementor-element-be688c8\" data-id=\"be688c8\" data-element_type=\"column\">\n\t\t\t<div class=\"elementor-widget-wrap elementor-element-populated\">\n\t\t\t\t\t\t\t\t<div class=\"elementor-element elementor-element-c02c3a5 elementor-widget elementor-widget-text-editor\" data-id=\"c02c3a5\" data-element_type=\"widget\" data-widget_type=\"text-editor.default\">\n\t\t\t\t<div class=\"elementor-widget-container\">\n\t\t\t<style>\/*! elementor - v3.6.4 - 13-04-2022 *\/\n.elementor-widget-text-editor.elementor-drop-cap-view-stacked .elementor-drop-cap{background-color:#818a91;color:#fff}.elementor-widget-text-editor.elementor-drop-cap-view-framed .elementor-drop-cap{color:#818a91;border:3px solid;background-color:transparent}.elementor-widget-text-editor:not(.elementor-drop-cap-view-default) .elementor-drop-cap{margin-top:8px}.elementor-widget-text-editor:not(.elementor-drop-cap-view-default) .elementor-drop-cap-letter{width:1em;height:1em}.elementor-widget-text-editor .elementor-drop-cap{float:left;text-align:center;line-height:1;font-size:50px}.elementor-widget-text-editor .elementor-drop-cap-letter{display:inline-block}<\/style>\t\t\t\tUvjeti kori\u0161tenja web stranice \t\t\t\t\t\t<\/div>\n\t\t\t\t<\/div>\n\t\t\t\t<div class=\"elementor-element elementor-element-83fae9f elementor-widget elementor-widget-text-editor\" data-id=\"83fae9f\" data-element_type=\"widget\" data-widget_type=\"text-editor.default\">\n\t\t\t\t<div class=\"elementor-widget-container\">\n\t\t\t\t\t\t\t<p><!-- wp:heading --><\/p><p><!-- \/wp:heading --><!-- wp:paragraph --><\/p><p>Kori\u0161tenjem web stranice <a href=\"https:\/\/pmp.hr\/de\/\">https:\/\/pmp.hr<\/a> (dalje u tekstu: web stranica) potvr\u0111ujete da ste pro\u010ditali, razumjeli i u potpunosti prihvatili dolje navedene uvjete i odredbe, kao i odredbe o obradi i za\u0161titi osobnih podataka, te pravila vezano uz kola\u010di\u0107e.<\/p><p>Sadr\u017eaj ove web stranice mo\u017eete koristiti isklju\u010divo u nekomercijalne svrhe, za osobnu uporabu i na vlastitu odgovornost, a eventualne rizike koji mogu nastati njezinim kori\u0161tenjem tako\u0111er prihva\u0107ate na vlastitu odgovornost.<\/p><p>Vlasnik web stranice u potpunosti se odri\u010de svake odgovornosti\u00a0 koja na bilo koji na\u010din mo\u017ee nastati korisniku ili tre\u0107oj strani, kori\u0161tenjem ili zlouporabom kori\u0161tenja sadr\u017eaja ove web stranice.<\/p><p>Vlasnik web stranice zadr\u017eava pravo izmjene sadr\u017eaja i uvjeta kori\u0161tenja web stranice bez obaveze prethodne najave, te nije odgovoran za bilo kakvu \u0161tetu nastalu tim promjenama.<\/p><p>Vlasnik web stranice ne mo\u017ee se smatrati odgovornim za bilo kakvu \u0161tetu nastalu kori\u0161tenjem bilo kojeg dijela sadr\u017eaja.<\/p><p>Vlasnik web stranice pola\u017ee autorska prava na sve vlastite sadr\u017eaje bilo tekstualne, vizualne ili baze podataka.<\/p><p>Neovla\u0161teno kori\u0161tenje bilo kojeg dijela web stranice bez dozvole vlasnika autorskih prava, smatra se kr\u0161enjem autorskih prava i podlo\u017eno je zakonskoj sankciji, a sve sukladno Zakonu o autorskom pravu i srodnim pravima (NN 111\/2021).<\/p><p>Dokumenti, fotografije, podaci, informacije kao i bilo koji dio sadr\u017eaja objavljeni na web stranici ne smiju se reproducirati, distribuirati ili na bilo koji na\u010din koristiti u komercijalne svrhe bez izri\u010ditog dopu\u0161tenja vlasnika web stranice.<\/p><p>Svi objavljeni dokumenti, podaci i informacije na ovoj web stranici mogu se koristiti samo za individualne potrebe korisnika uz po\u0161tivanje svih autorskih prava.<\/p><p>Vlasnik web stranice na zahtjev korisnika dopu\u0161ta staviti poveznicu web stranice na druge stranice, no vlasnik web stranice nikako nije odgovoran za zakonitost sadr\u017eaja takvih web stranica.<\/p><p>Vlasnik web stranice podr\u017eava sigurno kori\u0161tenje Internete, te ujedno moli korisnike ove web stranice da ga obavijeste o bilo kakvom nezakonitom ili nemoralnom sadr\u017eaju na web stranicama vezanih uz ovu web stranicu.<\/p><p><!-- \/wp:paragraph --><\/p>\t\t\t\t\t\t<\/div>\n\t\t\t\t<\/div>\n\t\t\t\t\t<\/div>\n\t\t<\/div>\n\t\t\t\t\t\t\t<\/div>\n\t\t<\/section>\n\t\t\t\t\t\t\t<\/div>","protected":false},"excerpt":{"rendered":"<p>Uvjeti kori\u0161tenja web stranice Kori\u0161tenjem web stranice https:\/\/pmp.hr (dalje u tekstu: web stranica) potvr\u0111ujete da ste pro\u010ditali, razumjeli i u potpunosti prihvatili dolje navedene uvjete i odredbe, kao i odredbe o obradi i za\u0161titi osobnih podataka, te pravila vezano uz kola\u010di\u0107e. Sadr\u017eaj ove web stranice mo\u017eete koristiti isklju\u010divo u nekomercijalne svrhe, za osobnu uporabu i [&hellip;]<\/p>","protected":false},"author":1,"featured_media":0,"parent":0,"menu_order":0,"comment_status":"closed","ping_status":"closed","template":"","meta":{"_mi_skip_tracking":false},"acf":[],"_links":{"self":[{"href":"https:\/\/pmp.hr\/de\/wp-json\/wp\/v2\/pages\/3478"}],"collection":[{"href":"https:\/\/pmp.hr\/de\/wp-json\/wp\/v2\/pages"}],"about":[{"href":"https:\/\/pmp.hr\/de\/wp-json\/wp\/v2\/types\/page"}],"author":[{"embeddable":true,"href":"https:\/\/pmp.hr\/de\/wp-json\/wp\/v2\/users\/1"}],"replies":[{"embeddable":true,"href":"https:\/\/pmp.hr\/de\/wp-json\/wp\/v2\/comments?post=3478"}],"version-history":[{"count":7,"href":"https:\/\/pmp.hr\/de\/wp-json\/wp\/v2\/pages\/3478\/revisions"}],"predecessor-version":[{"id":3485,"href":"https:\/\/pmp.hr\/de\/wp-json\/wp\/v2\/pages\/3478\/revisions\/3485"}],"wp:attachment":[{"href":"https:\/\/pmp.hr\/de\/wp-json\/wp\/v2\/media?parent=3478"}],"curies":[{"name":"wp","href":"https:\/\/api.w.org\/{rel}","templated":true}]}}